{"id":2869,"date":"2023-04-18T15:00:36","date_gmt":"2023-04-18T13:00:36","guid":{"rendered":"https:\/\/childacademy.eu\/meie-hinnad\/"},"modified":"2025-10-01T17:32:37","modified_gmt":"2025-10-01T15:32:37","slug":"hinnad","status":"publish","type":"page","link":"https:\/\/childacademy.eu\/et\/hinnad\/","title":{"rendered":"Hinnad"},"content":{"rendered":"<p>[et_pb_section fb_built=&#8221;1&#8243; custom_padding_last_edited=&#8221;on|tablet&#8221; disabled_on=&#8221;off|off|on&#8221; admin_label=&#8221;Picture section for padlet\/phone&#8221; _builder_version=&#8221;4.22.2&#8243; _module_preset=&#8221;default&#8221; background_image=&#8221;https:\/\/childacademy.eu\/wp-content\/uploads\/2023\/11\/Playing-bricks.jpg&#8221; height_tablet=&#8221;&#8221; height_phone=&#8221;215px&#8221; height_last_edited=&#8221;on|phone&#8221; custom_padding=&#8221;||0px|||&#8221; custom_padding_tablet=&#8221;39px|0px|0px|0px|false|false&#8221; custom_padding_phone=&#8221;0px|0px|0px|0px|false|false&#8221; top_divider_style=&#8221;clouds2&#8243; top_divider_color=&#8221;rgba(255,255,255,0.22)&#8221; top_divider_style_tablet=&#8221;clouds2&#8243; top_divider_style_phone=&#8221;none&#8221; top_divider_style_last_edited=&#8221;on|phone&#8221; top_divider_height_tablet=&#8221;59px&#8221; top_divider_height_phone=&#8221;0px&#8221; top_divider_height_last_edited=&#8221;on|tablet&#8221; bottom_divider_height_tablet=&#8221;&#8221; bottom_divider_height_phone=&#8221;0px&#8221; bottom_divider_height_last_edited=&#8221;on|phone&#8221; collapsed=&#8221;off&#8221; global_colors_info=&#8221;{}&#8221;][et_pb_row _builder_version=&#8221;4.22.2&#8243; _module_preset=&#8221;default&#8221; width_tablet=&#8221;&#8221; width_phone=&#8221;90%&#8221; width_last_edited=&#8221;on|phone&#8221; custom_padding=&#8221;||5px|||&#8221; global_colors_info=&#8221;{}&#8221;][et_pb_column type=&#8221;4_4&#8243; _builder_version=&#8221;4.20.2&#8243; _module_preset=&#8221;default&#8221; global_colors_info=&#8221;{}&#8221;][et_pb_text admin_label=&#8221;Child Academy FULL-WIDTH name&#8221; _builder_version=&#8221;4.22.2&#8243; _module_preset=&#8221;default&#8221; text_font=&#8221;Actor||||||||&#8221; text_text_color=&#8221;#17859B&#8221; header_font=&#8221;Verdana|600|||||||&#8221; header_text_align=&#8221;center&#8221; header_text_color=&#8221;#17859B&#8221; header_letter_spacing=&#8221;2px&#8221; header_5_font=&#8221;Verdana||||||||&#8221; header_5_text_align=&#8221;center&#8221; header_5_text_color=&#8221;#17859B&#8221; background_enable_image=&#8221;off&#8221; custom_margin_tablet=&#8221;&#8221; custom_margin_phone=&#8221;61px||||false|false&#8221; custom_margin_last_edited=&#8221;on|phone&#8221; custom_padding_tablet=&#8221;&#8221; custom_padding_phone=&#8221;|0px||0px|false|false&#8221; custom_padding_last_edited=&#8221;on|phone&#8221; header_font_size_tablet=&#8221;&#8221; header_font_size_phone=&#8221;24px&#8221; header_font_size_last_edited=&#8221;on|tablet&#8221; header_5_font_size_tablet=&#8221;&#8221; header_5_font_size_phone=&#8221;18px&#8221; header_5_font_size_last_edited=&#8221;on|phone&#8221; header_5_letter_spacing_tablet=&#8221;&#8221; header_5_letter_spacing_phone=&#8221;1px&#8221; header_5_letter_spacing_last_edited=&#8221;on|phone&#8221; header_text_shadow_style=&#8221;preset1&#8243; header_text_shadow_color=&#8221;RGBA(255,255,255,0)&#8221; header_5_text_shadow_style=&#8221;preset3&#8243; global_colors_info=&#8221;{}&#8221;]<\/p>\n<h5>Lapsep\u00f5lvek\u00fcla Tallinna kesklinnas<\/h5>\n<h1>Lapsep\u00f5lveakadeemia<\/h1>\n<p>[\/et_pb_text][\/et_pb_column][\/et_pb_row][\/et_pb_section][et_pb_section fb_built=&#8221;1&#8243; admin_label=&#8221;Market Information Section&#8221; _builder_version=&#8221;4.22.2&#8243; background_color=&#8221;rgba(221,215,208,0.55)&#8221; custom_padding=&#8221;37px||21px|||&#8221; collapsed=&#8221;off&#8221; global_colors_info=&#8221;{}&#8221;][et_pb_row column_structure=&#8221;1_3,2_3&#8243; custom_padding_last_edited=&#8221;on|desktop&#8221; admin_label=&#8221;Lapsep\u00f5lve Akadeemia pealkiri Piirkond&#8221; _builder_version=&#8221;4.22.2&#8243; custom_margin=&#8221;||-44px||false|false&#8221; custom_margin_tablet=&#8221;||-44px||false|false&#8221; custom_margin_phone=&#8221;||-44px||false|false&#8221; custom_margin_last_edited=&#8221;on|desktop&#8221; custom_padding=&#8221;4px|0px|4px|0px|true|&#8221; custom_padding_tablet=&#8221;4px|0px|4px|0px|true|&#8221; custom_padding_phone=&#8221;4px|0px|4px|0px|true|&#8221; global_colors_info=&#8221;{}&#8221;][et_pb_column type=&#8221;1_3&#8243; _builder_version=&#8221;4.16&#8243; custom_padding=&#8221;|||&#8221; global_colors_info=&#8221;{}&#8221; custom_padding__hover=&#8221;|||&#8221;][et_pb_text admin_label=&#8221;Title&#8221; _builder_version=&#8221;4.22.2&#8243; text_font=&#8221;||||||||&#8221; header_font=&#8221;Lato||||||||&#8221; header_2_font=&#8221;Rubik|600|||||||&#8221; header_2_text_color=&#8221;#704500&#8243; header_2_font_size=&#8221;45px&#8221; header_2_letter_spacing=&#8221;3px&#8221; custom_padding=&#8221;|||&#8221; animation_style=&#8221;slide&#8221; animation_direction=&#8221;left&#8221; header_text_align_tablet=&#8221;&#8221; header_text_align_phone=&#8221;center&#8221; header_text_align_last_edited=&#8221;on|phone&#8221; header_2_text_align_tablet=&#8221;center&#8221; header_2_text_align_phone=&#8221;center&#8221; header_2_text_align_last_edited=&#8221;on|tablet&#8221; header_2_font_size_tablet=&#8221;35px&#8221; header_2_font_size_phone=&#8221;35px&#8221; header_2_font_size_last_edited=&#8221;on|desktop&#8221; header_text_shadow_style=&#8221;preset3&#8243; header_2_text_shadow_style=&#8221;preset1&#8243; header_2_text_shadow_blur_strength=&#8221;0.15em&#8221; global_colors_info=&#8221;{}&#8221;]<\/p>\n<h2>Meie hinnad:<\/h2>\n<p>[\/et_pb_text][\/et_pb_column][et_pb_column type=&#8221;2_3&#8243; _builder_version=&#8221;4.16&#8243; custom_padding=&#8221;|||&#8221; global_colors_info=&#8221;{}&#8221; custom_padding__hover=&#8221;|||&#8221;][et_pb_text _builder_version=&#8221;4.22.2&#8243; text_font=&#8221;Verdana||||||||&#8221; text_text_color=&#8221;#704500&#8243; text_font_size=&#8221;18px&#8221; text_letter_spacing=&#8221;1px&#8221; text_line_height=&#8221;1.8em&#8221; header_font=&#8221;||||||||&#8221; custom_margin=&#8221;||-3px|||&#8221; animation_style=&#8221;flip&#8221; animation_direction=&#8221;left&#8221; animation_intensity_flip=&#8221;20%&#8221; animation_starting_opacity=&#8221;100%&#8221; global_colors_info=&#8221;{}&#8221;]<\/p>\n<p data-start=\"75\" data-end=\"194\">T\u00e4iskoha maksumus 2025\/26. \u00f5ppeaastal on 694 eurot. Osakoha maksumus (pool p\u00e4eva v\u00f5i 3 t\u00e4ispikka p\u00e4eva) on 624 eurot.<\/p>\n<p data-start=\"196\" data-end=\"302\">Vanematele h\u00fcvitatakse osa kohatasust s\u00f5ltuvalt nende registreerimiskohast, n\u00e4iteks Tallinnas 294 eurot.<\/p>\n<p data-start=\"304\" data-end=\"432\">Toitlustuse eest maksavad eraldi vanemad v\u00f5i kaetakse see linnaeelarvest (n\u00e4iteks Tallinna linn katab toitlustuse t\u00e4ielikult).<\/p>\n<p data-start=\"434\" data-end=\"548\">Seega Tallinna registreerimise korral on vanema igakuine makse t\u00e4isp\u00e4eva eest koos toitlustusega vaid 400 eurot.<\/p>\n<p>&nbsp;<\/p>\n<p>&nbsp;<\/p>\n<p>[\/et_pb_text][et_pb_button button_url=&#8221;tel:+37256569060&#8243; button_text=&#8221;Helistage meile&#8221; button_alignment_tablet=&#8221;center&#8221; button_alignment_phone=&#8221;center&#8221; button_alignment_last_edited=&#8221;on|phone&#8221; _builder_version=&#8221;4.22.2&#8243; custom_button=&#8221;on&#8221; button_text_size=&#8221;16px&#8221; button_text_color=&#8221;#F9E5C7&#8243; button_bg_color=&#8221;#17859B&#8221; button_border_width=&#8221;12px&#8221; button_border_color=&#8221;rgba(0,0,0,0)&#8221; button_border_radius=&#8221;50px&#8221; button_letter_spacing=&#8221;4px&#8221; button_font=&#8221;Rubik|||on|||||&#8221; button_icon=&#8221;&#x24;||divi||400&#8243; button_icon_color=&#8221;#DDC6BE&#8221; custom_margin=&#8221;||40px&#8221; custom_margin_tablet=&#8221;-60px||||false|false&#8221; custom_margin_phone=&#8221;-64px||40px||false|false&#8221; custom_margin_last_edited=&#8221;on|tablet&#8221; button_text_shadow_style=&#8221;preset3&#8243; box_shadow_style=&#8221;preset3&#8243; box_shadow_color=&#8221;#FAEBD7&#8243; locked=&#8221;off&#8221; global_colors_info=&#8221;{}&#8221; button_text_size__hover_enabled=&#8221;off&#8221; button_one_text_size__hover_enabled=&#8221;off&#8221; button_two_text_size__hover_enabled=&#8221;off&#8221; button_text_color__hover_enabled=&#8221;off&#8221; button_one_text_color__hover_enabled=&#8221;off&#8221; button_two_text_color__hover_enabled=&#8221;off&#8221; button_border_width__hover_enabled=&#8221;off&#8221; button_one_border_width__hover_enabled=&#8221;off&#8221; button_two_border_width__hover_enabled=&#8221;off&#8221; button_border_color__hover_enabled=&#8221;off&#8221; button_one_border_color__hover_enabled=&#8221;off&#8221; button_two_border_color__hover_enabled=&#8221;off&#8221; button_border_radius__hover_enabled=&#8221;off&#8221; button_one_border_radius__hover_enabled=&#8221;off&#8221; button_two_border_radius__hover_enabled=&#8221;off&#8221; button_letter_spacing__hover_enabled=&#8221;off&#8221; button_one_letter_spacing__hover_enabled=&#8221;off&#8221; button_two_letter_spacing__hover_enabled=&#8221;off&#8221; button_bg_color__hover_enabled=&#8221;off&#8221; button_one_bg_color__hover_enabled=&#8221;off&#8221; button_two_bg_color__hover_enabled=&#8221;off&#8221;]<br \/>\n[\/et_pb_button][\/et_pb_column][\/et_pb_row][\/et_pb_section][et_pb_section fb_built=&#8221;1&#8243; custom_padding_last_edited=&#8221;on|phone&#8221; admin_label=&#8221;Footer&#8221; _builder_version=&#8221;4.19.5&#8243; _module_preset=&#8221;default&#8221; use_background_color_gradient=&#8221;on&#8221; background_color_gradient_direction=&#8221;229deg&#8221; background_color_gradient_stops=&#8221;rgba(17,8,7,0.8) 0%|rgba(17,8,7,0.96) 93%&#8221; background_color_gradient_start=&#8221;rgba(17,8,7,0.8)&#8221; background_color_gradient_end=&#8221;rgba(17,8,7,0.96)&#8221; background_image=&#8221;https:\/\/childacademy.eu\/wp-content\/uploads\/2023\/04\/hdgdgh.jpg&#8221; parallax=&#8221;on&#8221; custom_margin=&#8221;1px|||||&#8221; custom_padding=&#8221;130px||130px||true|false&#8221; custom_padding_tablet=&#8221;60px||60px||true|false&#8221; custom_padding_phone=&#8221;&#8221; locked=&#8221;off&#8221; global_colors_info=&#8221;{}&#8221;][et_pb_row admin_label=&#8221;Kontaktvormi rida&#8221; module_id=&#8221;contactform&#8221; _builder_version=&#8221;4.19.5&#8243; _module_preset=&#8221;default&#8221; background_color=&#8221;RGBA(255,255,255,0)&#8221; global_colors_info=&#8221;{}&#8221;][et_pb_column type=&#8221;4_4&#8243; _builder_version=&#8221;4.18.0&#8243; _module_preset=&#8221;default&#8221; link_option_url_new_window=&#8221;on&#8221; global_colors_info=&#8221;{}&#8221;][et_pb_contact_form email=&#8221;lena.parfjonova@gmail.com&#8221; title=&#8221;Esitage p\u00e4ring&#8221; success_message=&#8221;T\u00e4name huvi eest! Vastame teile esimesel v\u00f5imalusel&#8221; submit_button_text=&#8221;Saada&#8221; _builder_version=&#8221;4.22.2&#8243; _module_preset=&#8221;default&#8221; _unique_id=&#8221;d3d59f98-5042-49ff-b860-62811d2f44eb&#8221; form_field_background_color=&#8221;RGBA(255,255,255,0)&#8221; form_field_focus_background_color=&#8221;#2D2422&#8243; form_field_focus_text_color=&#8221;#FFFFFF&#8221; form_field_custom_padding=&#8221;|15px||15px|false|true&#8221; title_level=&#8221;h3&#8243; title_font=&#8221;Nunito|||on|||||&#8221; title_text_align=&#8221;right&#8221; title_text_color=&#8221;#FFFFFF&#8221; title_font_size=&#8221;30px&#8221; title_letter_spacing=&#8221;2px&#8221; captcha_font=&#8221;Nunito|800||on|||||&#8221; captcha_text_color=&#8221;#2D2422&#8243; captcha_font_size=&#8221;18px&#8221; captcha_letter_spacing=&#8221;1px&#8221; form_field_font=&#8221;Actor|600||on|||||&#8221; form_field_font_size=&#8221;14px&#8221; form_field_letter_spacing=&#8221;2px&#8221; custom_button=&#8221;on&#8221; button_text_size=&#8221;18px&#8221; button_text_color=&#8221;#FFFFFF&#8221; button_bg_color=&#8221;#17859B&#8221; button_border_width=&#8221;1px&#8221; button_border_color=&#8221;#17859B&#8221; button_border_radius=&#8221;14px&#8221; button_letter_spacing=&#8221;1px&#8221; button_font=&#8221;Nunito|||on|||||&#8221; button_use_icon=&#8221;off&#8221; button_custom_margin=&#8221;|6px||6px|false|true&#8221; button_custom_padding=&#8221;|||19px|false|false&#8221; text_orientation=&#8221;left&#8221; width=&#8221;100%&#8221; custom_margin=&#8221;|-3px||-3px|false|true&#8221; custom_padding=&#8221;||0px|9px|false|false&#8221; title_text_shadow_style=&#8221;preset3&#8243; captcha_text_shadow_style=&#8221;preset3&#8243; form_field_text_shadow_style=&#8221;preset2&#8243; form_field_text_shadow_color=&#8221;#AC8364&#8243; button_text_shadow_style=&#8221;preset3&#8243; button_text_shadow_color=&#8221;#2D2422&#8243; box_shadow_style_button=&#8221;preset2&#8243; box_shadow_color_button=&#8221;#2D2422&#8243; text_shadow_style=&#8221;preset1&#8243; text_shadow_vertical_length=&#8221;0.14em&#8221; text_shadow_color=&#8221;#2D2422&#8243; global_colors_info=&#8221;{}&#8221;][et_pb_contact_field field_id=&#8221;YourName&#8221; field_title=&#8221;Teie nimi&#8221; _builder_version=&#8221;4.18.0&#8243; form_field_text_color=&#8221;#FFFFFF&#8221; background_color=&#8221;rgba(45,36,34,0.48)&#8221; background_enable_color=&#8221;on&#8221; background_enable_pattern_style=&#8221;on&#8221; background_pattern_style=&#8221;diagonal-stripes-2&#8243; global_colors_info=&#8221;{}&#8221; button_text_size__hover_enabled=&#8221;off&#8221; button_one_text_size__hover_enabled=&#8221;off&#8221; button_two_text_size__hover_enabled=&#8221;off&#8221; button_text_color__hover_enabled=&#8221;off&#8221; button_one_text_color__hover_enabled=&#8221;off&#8221; button_two_text_color__hover_enabled=&#8221;off&#8221; button_border_width__hover_enabled=&#8221;off&#8221; button_one_border_width__hover_enabled=&#8221;off&#8221; button_two_border_width__hover_enabled=&#8221;off&#8221; button_border_color__hover_enabled=&#8221;off&#8221; button_one_border_color__hover_enabled=&#8221;off&#8221; button_two_border_color__hover_enabled=&#8221;off&#8221; button_border_radius__hover_enabled=&#8221;off&#8221; button_one_border_radius__hover_enabled=&#8221;off&#8221; button_two_border_radius__hover_enabled=&#8221;off&#8221; button_letter_spacing__hover_enabled=&#8221;off&#8221; button_one_letter_spacing__hover_enabled=&#8221;off&#8221; button_two_letter_spacing__hover_enabled=&#8221;off&#8221; button_bg_color__hover_enabled=&#8221;off&#8221; button_one_bg_color__hover_enabled=&#8221;off&#8221; button_two_bg_color__hover_enabled=&#8221;off&#8221;][\/et_pb_contact_field][et_pb_contact_field field_id=&#8221;YourEmail&#8221; field_title=&#8221;Teie e-posti aadress&#8221; field_type=&#8221;email&#8221; _builder_version=&#8221;4.18.0&#8243; form_field_text_color=&#8221;#FFFFFF&#8221; form_field_font_size=&#8221;14px&#8221; form_field_line_height=&#8221;0.9em&#8221; background_color=&#8221;rgba(45,36,34,0.49)&#8221; background_enable_color=&#8221;on&#8221; background_enable_pattern_style=&#8221;on&#8221; background_pattern_style=&#8221;diagonal-stripes-2&#8243; global_colors_info=&#8221;{}&#8221; button_text_size__hover_enabled=&#8221;off&#8221; button_one_text_size__hover_enabled=&#8221;off&#8221; button_two_text_size__hover_enabled=&#8221;off&#8221; button_text_color__hover_enabled=&#8221;off&#8221; button_one_text_color__hover_enabled=&#8221;off&#8221; button_two_text_color__hover_enabled=&#8221;off&#8221; button_border_width__hover_enabled=&#8221;off&#8221; button_one_border_width__hover_enabled=&#8221;off&#8221; button_two_border_width__hover_enabled=&#8221;off&#8221; button_border_color__hover_enabled=&#8221;off&#8221; button_one_border_color__hover_enabled=&#8221;off&#8221; button_two_border_color__hover_enabled=&#8221;off&#8221; button_border_radius__hover_enabled=&#8221;off&#8221; button_one_border_radius__hover_enabled=&#8221;off&#8221; button_two_border_radius__hover_enabled=&#8221;off&#8221; button_letter_spacing__hover_enabled=&#8221;off&#8221; button_one_letter_spacing__hover_enabled=&#8221;off&#8221; button_two_letter_spacing__hover_enabled=&#8221;off&#8221; button_bg_color__hover_enabled=&#8221;off&#8221; button_one_bg_color__hover_enabled=&#8221;off&#8221; button_two_bg_color__hover_enabled=&#8221;off&#8221;][\/et_pb_contact_field][et_pb_contact_field field_id=&#8221;YourPhone&#8221; field_title=&#8221;Teie telefon&#8221; allowed_symbols=&#8221;numbers&#8221; required_mark=&#8221;off&#8221; _builder_version=&#8221;4.18.0&#8243; form_field_text_color=&#8221;#FFFFFF&#8221; form_field_font_size=&#8221;14px&#8221; form_field_line_height=&#8221;0.9em&#8221; background_color=&#8221;rgba(45,36,34,0.48)&#8221; background_enable_color=&#8221;on&#8221; background_enable_pattern_style=&#8221;on&#8221; background_pattern_style=&#8221;diagonal-stripes-2&#8243; global_colors_info=&#8221;{}&#8221; button_text_size__hover_enabled=&#8221;off&#8221; button_one_text_size__hover_enabled=&#8221;off&#8221; button_two_text_size__hover_enabled=&#8221;off&#8221; button_text_color__hover_enabled=&#8221;off&#8221; button_one_text_color__hover_enabled=&#8221;off&#8221; button_two_text_color__hover_enabled=&#8221;off&#8221; button_border_width__hover_enabled=&#8221;off&#8221; button_one_border_width__hover_enabled=&#8221;off&#8221; button_two_border_width__hover_enabled=&#8221;off&#8221; button_border_color__hover_enabled=&#8221;off&#8221; button_one_border_color__hover_enabled=&#8221;off&#8221; button_two_border_color__hover_enabled=&#8221;off&#8221; button_border_radius__hover_enabled=&#8221;off&#8221; button_one_border_radius__hover_enabled=&#8221;off&#8221; button_two_border_radius__hover_enabled=&#8221;off&#8221; button_letter_spacing__hover_enabled=&#8221;off&#8221; button_one_letter_spacing__hover_enabled=&#8221;off&#8221; button_two_letter_spacing__hover_enabled=&#8221;off&#8221; button_bg_color__hover_enabled=&#8221;off&#8221; button_one_bg_color__hover_enabled=&#8221;off&#8221; button_two_bg_color__hover_enabled=&#8221;off&#8221;][\/et_pb_contact_field][et_pb_contact_field field_id=&#8221;Subject&#8221; field_title=&#8221;Teie s\u00f5numi teema&#8221; required_mark=&#8221;off&#8221; field_title_tablet=&#8221;Teie s\u00f5numi teema&#8221; field_title_phone=&#8221;Teie s\u00f5numi teema&#8221; field_title_last_edited=&#8221;on|desktop&#8221; _builder_version=&#8221;4.18.0&#8243; form_field_text_color=&#8221;#FFFFFF&#8221; form_field_font_size=&#8221;14px&#8221; form_field_line_height=&#8221;0.9em&#8221; background_color=&#8221;rgba(45,36,34,0.48)&#8221; background_enable_color=&#8221;on&#8221; background_enable_pattern_style=&#8221;on&#8221; background_pattern_style=&#8221;diagonal-stripes-2&#8243; global_colors_info=&#8221;{}&#8221; button_text_size__hover_enabled=&#8221;off&#8221; button_one_text_size__hover_enabled=&#8221;off&#8221; button_two_text_size__hover_enabled=&#8221;off&#8221; button_text_color__hover_enabled=&#8221;off&#8221; button_one_text_color__hover_enabled=&#8221;off&#8221; button_two_text_color__hover_enabled=&#8221;off&#8221; button_border_width__hover_enabled=&#8221;off&#8221; button_one_border_width__hover_enabled=&#8221;off&#8221; button_two_border_width__hover_enabled=&#8221;off&#8221; button_border_color__hover_enabled=&#8221;off&#8221; button_one_border_color__hover_enabled=&#8221;off&#8221; button_two_border_color__hover_enabled=&#8221;off&#8221; button_border_radius__hover_enabled=&#8221;off&#8221; button_one_border_radius__hover_enabled=&#8221;off&#8221; button_two_border_radius__hover_enabled=&#8221;off&#8221; button_letter_spacing__hover_enabled=&#8221;off&#8221; button_one_letter_spacing__hover_enabled=&#8221;off&#8221; button_two_letter_spacing__hover_enabled=&#8221;off&#8221; button_bg_color__hover_enabled=&#8221;off&#8221; button_one_bg_color__hover_enabled=&#8221;off&#8221; button_two_bg_color__hover_enabled=&#8221;off&#8221;][\/et_pb_contact_field][et_pb_contact_field field_id=&#8221;YourMessage&#8221; field_title=&#8221;Teie s\u00f5num&#8221; field_type=&#8221;text&#8221; fullwidth_field=&#8221;on&#8221; _builder_version=&#8221;4.18.0&#8243; form_field_text_color=&#8221;#FFFFFF&#8221; form_field_font_size=&#8221;14px&#8221; form_field_line_height=&#8221;0.9em&#8221; background_color=&#8221;rgba(45,36,34,0.48)&#8221; background_enable_color=&#8221;on&#8221; background_enable_pattern_style=&#8221;on&#8221; background_pattern_style=&#8221;diagonal-stripes-2&#8243; global_colors_info=&#8221;{}&#8221; button_text_size__hover_enabled=&#8221;off&#8221; button_one_text_size__hover_enabled=&#8221;off&#8221; button_two_text_size__hover_enabled=&#8221;off&#8221; button_text_color__hover_enabled=&#8221;off&#8221; button_one_text_color__hover_enabled=&#8221;off&#8221; button_two_text_color__hover_enabled=&#8221;off&#8221; button_border_width__hover_enabled=&#8221;off&#8221; button_one_border_width__hover_enabled=&#8221;off&#8221; button_two_border_width__hover_enabled=&#8221;off&#8221; button_border_color__hover_enabled=&#8221;off&#8221; button_one_border_color__hover_enabled=&#8221;off&#8221; button_two_border_color__hover_enabled=&#8221;off&#8221; button_border_radius__hover_enabled=&#8221;off&#8221; button_one_border_radius__hover_enabled=&#8221;off&#8221; button_two_border_radius__hover_enabled=&#8221;off&#8221; button_letter_spacing__hover_enabled=&#8221;off&#8221; button_one_letter_spacing__hover_enabled=&#8221;off&#8221; button_two_letter_spacing__hover_enabled=&#8221;off&#8221; button_bg_color__hover_enabled=&#8221;off&#8221; button_one_bg_color__hover_enabled=&#8221;off&#8221; button_two_bg_color__hover_enabled=&#8221;off&#8221;][\/et_pb_contact_field][\/et_pb_contact_form][\/et_pb_column][\/et_pb_row][\/et_pb_section]<\/p>\n","protected":false},"excerpt":{"rendered":"<p>Lapsep\u00f5lvek\u00fcla Tallinna kesklinnas Lapsep\u00f5lveakadeemiaMeie hinnad:T\u00e4iskoha maksumus 2025\/26. \u00f5ppeaastal on 694 eurot. Osakoha maksumus (pool p\u00e4eva v\u00f5i 3 t\u00e4ispikka p\u00e4eva) on 624 eurot. Vanematele h\u00fcvitatakse osa kohatasust s\u00f5ltuvalt nende registreerimiskohast, n\u00e4iteks Tallinnas 294 eurot. Toitlustuse eest maksavad eraldi vanemad v\u00f5i kaetakse see linnaeelarvest (n\u00e4iteks Tallinna linn katab toitlustuse t\u00e4ielikult). Seega Tallinna registreerimise korral on vanema igakuine [&hellip;]<\/p>\n","protected":false},"author":1,"featured_media":0,"parent":0,"menu_order":0,"comment_status":"closed","ping_status":"closed","template":"","meta":{"_et_pb_use_builder":"on","_et_pb_old_content":"","_et_gb_content_width":"","footnotes":""},"class_list":["post-2869","page","type-page","status-publish","hentry"],"_links":{"self":[{"href":"https:\/\/childacademy.eu\/et\/wp-json\/wp\/v2\/pages\/2869","targetHints":{"allow":["GET"]}}],"collection":[{"href":"https:\/\/childacademy.eu\/et\/wp-json\/wp\/v2\/pages"}],"about":[{"href":"https:\/\/childacademy.eu\/et\/wp-json\/wp\/v2\/types\/page"}],"author":[{"embeddable":true,"href":"https:\/\/childacademy.eu\/et\/wp-json\/wp\/v2\/users\/1"}],"replies":[{"embeddable":true,"href":"https:\/\/childacademy.eu\/et\/wp-json\/wp\/v2\/comments?post=2869"}],"version-history":[{"count":25,"href":"https:\/\/childacademy.eu\/et\/wp-json\/wp\/v2\/pages\/2869\/revisions"}],"predecessor-version":[{"id":3377,"href":"https:\/\/childacademy.eu\/et\/wp-json\/wp\/v2\/pages\/2869\/revisions\/3377"}],"wp:attachment":[{"href":"https:\/\/childacademy.eu\/et\/wp-json\/wp\/v2\/media?parent=2869"}],"curies":[{"name":"wp","href":"https:\/\/api.w.org\/{rel}","templated":true}]}}